{"id":148,"date":"2019-07-08T17:24:58","date_gmt":"2019-07-08T15:24:58","guid":{"rendered":"http:\/\/terrasses.net\/?page_id=148"},"modified":"2020-01-14T13:34:39","modified_gmt":"2020-01-14T12:34:39","slug":"accueil","status":"publish","type":"page","link":"https:\/\/terrasses.net\/","title":{"rendered":""},"content":{"rendered":"<div class=\"pt-cv-wrapper\"><div class=\"pt-cv-view pt-cv-grid pt-cv-colsys\" id=\"pt-cv-view-c2184f94jr\"><div data-id=\"pt-cv-page-1\" class=\"pt-cv-page\" data-cvc=\"3\"><div class=\"col-md-4 col-sm-6 col-xs-12 pt-cv-content-item pt-cv-1-col\" ><div class='pt-cv-ifield'><a href=\"https:\/\/terrasses.net\/index.php\/2026\/01\/25\/les-bijoutiers-de-la-oumma-une-histoire-potentielle-du-monde-juif-musulman-de-ariella-aicha-azoulay-en-librairie-le-03-04-26\/\" class=\"_self pt-cv-href-thumbnail pt-cv-thumb-default\" target=\"_self\" ><img loading=\"lazy\" decoding=\"async\" width=\"150\" height=\"150\" src=\"https:\/\/terrasses.net\/wp-content\/uploads\/2026\/01\/Couverture-AZOULAY-promo-150x150.jpeg\" class=\"pt-cv-thumbnail\" alt=\"\" \/><\/a>\n<h4 class=\"pt-cv-title\"><a href=\"https:\/\/terrasses.net\/index.php\/2026\/01\/25\/les-bijoutiers-de-la-oumma-une-histoire-potentielle-du-monde-juif-musulman-de-ariella-aicha-azoulay-en-librairie-le-03-04-26\/\" class=\"_self\" target=\"_self\" >Les Bijoutier.es de la Oumma de Ariella A\u00efcha AZOULAY en librairie le 17\/04\/26<\/a><\/h4>\n<div class=\"pt-cv-content\">Les Bijoutier.es de la Oumma, une histoire potentielle du monde Juif Musulman de Ariella A\u00efcha ...<br \/><div class=\"pt-cv-rmwrap\"><a href=\"https:\/\/terrasses.net\/index.php\/2026\/01\/25\/les-bijoutiers-de-la-oumma-une-histoire-potentielle-du-monde-juif-musulman-de-ariella-aicha-azoulay-en-librairie-le-03-04-26\/\" class=\"_self pt-cv-readmore btn btn-success\" target=\"_self\">Lire<\/a><\/div><\/div><\/div><\/div>\n<div class=\"col-md-4 col-sm-6 col-xs-12 pt-cv-content-item pt-cv-1-col\" ><div class='pt-cv-ifield'><a href=\"https:\/\/terrasses.net\/index.php\/2025\/12\/05\/la-partie-immergee-de-liceberg-eloge-du-gps-algerien-de-ammar-khodja-lamine-en-librairie-le-15-12-2025\/\" class=\"_self pt-cv-href-thumbnail pt-cv-thumb-default\" target=\"_self\" ><img loading=\"lazy\" decoding=\"async\" width=\"150\" height=\"150\" src=\"https:\/\/terrasses.net\/wp-content\/uploads\/2025\/12\/ESSAI_MOTIFS_COUV-150x150.jpeg\" class=\"pt-cv-thumbnail\" alt=\"\" \/><\/a>\n<h4 class=\"pt-cv-title\"><a href=\"https:\/\/terrasses.net\/index.php\/2025\/12\/05\/la-partie-immergee-de-liceberg-eloge-du-gps-algerien-de-ammar-khodja-lamine-en-librairie-le-15-12-2025\/\" class=\"_self\" target=\"_self\" >La partie immerg\u00e9e de l&#8217;iceberg de AMMAR-KHODJA Lamine &#8212; en librairie<\/a><\/h4>\n<div class=\"pt-cv-content\">La partie immerg\u00e9e de l'iceberg, \u00c9loge du GPS alg\u00e9rien de AMMAR-KHODJA Lamine Une phrase qui ...<br \/><div class=\"pt-cv-rmwrap\"><a href=\"https:\/\/terrasses.net\/index.php\/2025\/12\/05\/la-partie-immergee-de-liceberg-eloge-du-gps-algerien-de-ammar-khodja-lamine-en-librairie-le-15-12-2025\/\" class=\"_self pt-cv-readmore btn btn-success\" target=\"_self\">Lire<\/a><\/div><\/div><\/div><\/div>\n<div class=\"col-md-4 col-sm-6 col-xs-12 pt-cv-content-item pt-cv-1-col\" ><div class='pt-cv-ifield'><a href=\"https:\/\/terrasses.net\/index.php\/2025\/08\/01\/fille-de-vous-de-z-hernandez-en-librairie-le-15-octobre-2025\/\" class=\"_self pt-cv-href-thumbnail pt-cv-thumb-default\" target=\"_self\" ><img loading=\"lazy\" decoding=\"async\" width=\"150\" height=\"150\" src=\"https:\/\/terrasses.net\/wp-content\/uploads\/2025\/08\/Fille-de-vous_1-150x150.jpg\" class=\"pt-cv-thumbnail\" alt=\"\" \/><\/a>\n<h4 class=\"pt-cv-title\"><a href=\"https:\/\/terrasses.net\/index.php\/2025\/08\/01\/fille-de-vous-de-z-hernandez-en-librairie-le-15-octobre-2025\/\" class=\"_self\" target=\"_self\" >Fille de Vous de Z. Hernandez &#8212; en librairie<\/a><\/h4>\n<div class=\"pt-cv-content\">Premi\u00e8re co\u00e9dition entre Le Sabot et Terrasses \u00c9ditions, Fille de vous est le premier roman ...<br \/><div class=\"pt-cv-rmwrap\"><a href=\"https:\/\/terrasses.net\/index.php\/2025\/08\/01\/fille-de-vous-de-z-hernandez-en-librairie-le-15-octobre-2025\/\" class=\"_self pt-cv-readmore btn btn-success\" target=\"_self\">Lire<\/a><\/div><\/div><\/div><\/div>\n<div class=\"col-md-4 col-sm-6 col-xs-12 pt-cv-content-item pt-cv-1-col\" ><div class='pt-cv-ifield'><a href=\"https:\/\/terrasses.net\/index.php\/2025\/06\/05\/le-secret-de-lhuile-de-walid-daqqa-en-librairie-le-25-07-25\/\" class=\"_self pt-cv-href-thumbnail pt-cv-thumb-default\" target=\"_self\" ><img loading=\"lazy\" decoding=\"async\" width=\"150\" height=\"150\" src=\"https:\/\/terrasses.net\/wp-content\/uploads\/2025\/06\/DAQQA-Couvmedia-150x150.jpeg\" class=\"pt-cv-thumbnail\" alt=\"\" \/><\/a>\n<h4 class=\"pt-cv-title\"><a href=\"https:\/\/terrasses.net\/index.php\/2025\/06\/05\/le-secret-de-lhuile-de-walid-daqqa-en-librairie-le-25-07-25\/\" class=\"_self\" target=\"_self\" >Le secret de l&#8217;huile de Walid Daqqa &#8212; en librairie<\/a><\/h4>\n<div class=\"pt-cv-content\">L'ex-prisonnier et \u00e9crivain palestinien Walid Daqqa livre ici un r\u00e9cit aux accents politiques et lib\u00e9rateurs ...<br \/><div class=\"pt-cv-rmwrap\"><a href=\"https:\/\/terrasses.net\/index.php\/2025\/06\/05\/le-secret-de-lhuile-de-walid-daqqa-en-librairie-le-25-07-25\/\" class=\"_self pt-cv-readmore btn btn-success\" target=\"_self\">Lire<\/a><\/div><\/div><\/div><\/div>\n<div class=\"col-md-4 col-sm-6 col-xs-12 pt-cv-content-item pt-cv-1-col\" ><div class='pt-cv-ifield'><a href=\"https:\/\/terrasses.net\/index.php\/2024\/09\/03\/les-guerres-annoncees-de-nils-andersson-en-librairie-le-27-septembre-2024\/\" class=\"_self pt-cv-href-thumbnail pt-cv-thumb-default\" target=\"_self\" ><img loading=\"lazy\" decoding=\"async\" width=\"150\" height=\"150\" src=\"https:\/\/terrasses.net\/wp-content\/uploads\/2024\/09\/Couverture-NILS-ANDERSSON-150x150.jpg\" class=\"pt-cv-thumbnail\" alt=\"\" \/><\/a>\n<h4 class=\"pt-cv-title\"><a href=\"https:\/\/terrasses.net\/index.php\/2024\/09\/03\/les-guerres-annoncees-de-nils-andersson-en-librairie-le-27-septembre-2024\/\" class=\"_self\" target=\"_self\" >Les guerres annonc\u00e9es de Nils Andersson &#8212; en librairie<\/a><\/h4>\n<div class=\"pt-cv-content\">Les Guerres annonc\u00e9es Le capitalisme c'est la guerre II Nils ANDERSSON En 2021, Nils Andersson ...<br \/><div class=\"pt-cv-rmwrap\"><a href=\"https:\/\/terrasses.net\/index.php\/2024\/09\/03\/les-guerres-annoncees-de-nils-andersson-en-librairie-le-27-septembre-2024\/\" class=\"_self pt-cv-readmore btn btn-success\" target=\"_self\">Lire<\/a><\/div><\/div><\/div><\/div>\n<div class=\"col-md-4 col-sm-6 col-xs-12 pt-cv-content-item pt-cv-1-col\" ><div class='pt-cv-ifield'><a href=\"https:\/\/terrasses.net\/index.php\/2023\/09\/20\/la-vie-revee-de-sainte-tapiole-de-herve-brizon-en-librairie-le-12-01-2024\/\" class=\"_self pt-cv-href-thumbnail pt-cv-thumb-default\" target=\"_self\" ><img loading=\"lazy\" decoding=\"async\" width=\"150\" height=\"150\" src=\"https:\/\/terrasses.net\/wp-content\/uploads\/2023\/09\/Couverture-temp-LA-vie-revee-150x150.jpeg\" class=\"pt-cv-thumbnail\" alt=\"\" \/><\/a>\n<h4 class=\"pt-cv-title\"><a href=\"https:\/\/terrasses.net\/index.php\/2023\/09\/20\/la-vie-revee-de-sainte-tapiole-de-herve-brizon-en-librairie-le-12-01-2024\/\" class=\"_self\" target=\"_self\" >La vie r\u1ebfv\u00e9e de sainte Tapiole de Herv\u00e9 Brizon  &#8212; en librairie<\/a><\/h4>\n<div class=\"pt-cv-content\">Initialement publi\u00e9 dans la collection le rayon gay dirig\u00e9e par Guillaume Dustan chez Balland en ...<br \/><div class=\"pt-cv-rmwrap\"><a href=\"https:\/\/terrasses.net\/index.php\/2023\/09\/20\/la-vie-revee-de-sainte-tapiole-de-herve-brizon-en-librairie-le-12-01-2024\/\" class=\"_self pt-cv-readmore btn btn-success\" target=\"_self\">Lire<\/a><\/div><\/div><\/div><\/div>\n<div class=\"col-md-4 col-sm-6 col-xs-12 pt-cv-content-item pt-cv-1-col\" ><div class='pt-cv-ifield'><a href=\"https:\/\/terrasses.net\/index.php\/2023\/01\/28\/tupamadre-de-l-etchart-en-librairie-le-24-mars-2023\/\" class=\"_self pt-cv-href-thumbnail pt-cv-thumb-default\" target=\"_self\" ><img loading=\"lazy\" decoding=\"async\" width=\"150\" height=\"150\" src=\"https:\/\/terrasses.net\/wp-content\/uploads\/2023\/01\/tupamadre-150x150.jpg\" class=\"pt-cv-thumbnail\" alt=\"\" \/><\/a>\n<h4 class=\"pt-cv-title\"><a href=\"https:\/\/terrasses.net\/index.php\/2023\/01\/28\/tupamadre-de-l-etchart-en-librairie-le-24-mars-2023\/\" class=\"_self\" target=\"_self\" >Tupamadre de L. Etchart &#8212; en librairie<\/a><\/h4>\n<div class=\"pt-cv-content\">Tupamadre m\u00eale textes narratifs, po\u00e9sies et archives. Enfant de guerrillxs Tupamarxs d\u2019Uruguay, L. Etchart a ...<br \/><div class=\"pt-cv-rmwrap\"><a href=\"https:\/\/terrasses.net\/index.php\/2023\/01\/28\/tupamadre-de-l-etchart-en-librairie-le-24-mars-2023\/\" class=\"_self pt-cv-readmore btn btn-success\" target=\"_self\">Lire<\/a><\/div><\/div><\/div><\/div>\n<div class=\"col-md-4 col-sm-6 col-xs-12 pt-cv-content-item pt-cv-1-col\" ><div class='pt-cv-ifield'><a href=\"https:\/\/terrasses.net\/index.php\/2022\/11\/26\/uhuru-lumumba-de-serge-michel-en-librairie-le-27-janvier-2023\/\" class=\"_self pt-cv-href-thumbnail pt-cv-thumb-default\" target=\"_self\" ><img loading=\"lazy\" decoding=\"async\" width=\"150\" height=\"150\" src=\"https:\/\/terrasses.net\/wp-content\/uploads\/2022\/11\/Couverture-MICHEL1-150x150.jpeg\" class=\"pt-cv-thumbnail\" alt=\"\" \/><\/a>\n<h4 class=\"pt-cv-title\"><a href=\"https:\/\/terrasses.net\/index.php\/2022\/11\/26\/uhuru-lumumba-de-serge-michel-en-librairie-le-27-janvier-2023\/\" class=\"_self\" target=\"_self\" >Uhuru Lumumba de Serge Michel &#8212; en librairie<\/a><\/h4>\n<div class=\"pt-cv-content\">Avec la r\u00e9\u00e9dition de Uhuru Lumumba, les \u00e9ditions Terrasses continuent d\u2019explorer les d\u00e9placements politiques \u00e0 ...<br \/><div class=\"pt-cv-rmwrap\"><a href=\"https:\/\/terrasses.net\/index.php\/2022\/11\/26\/uhuru-lumumba-de-serge-michel-en-librairie-le-27-janvier-2023\/\" class=\"_self pt-cv-readmore btn btn-success\" target=\"_self\">Lire<\/a><\/div><\/div><\/div><\/div>\n<div class=\"col-md-4 col-sm-6 col-xs-12 pt-cv-content-item pt-cv-1-col\" ><div class='pt-cv-ifield'><a href=\"https:\/\/terrasses.net\/index.php\/2022\/08\/05\/les-malles-du-retour-voix-de-femmes-saraouies-en-librairie-le-23-septembre-22\/\" class=\"_self pt-cv-href-thumbnail pt-cv-thumb-default\" target=\"_self\" ><img loading=\"lazy\" decoding=\"async\" width=\"150\" height=\"150\" src=\"https:\/\/terrasses.net\/wp-content\/uploads\/2022\/08\/Couverture-LES-MALLESP-DEF-150x150.jpeg\" class=\"pt-cv-thumbnail\" alt=\"\" \/><\/a>\n<h4 class=\"pt-cv-title\"><a href=\"https:\/\/terrasses.net\/index.php\/2022\/08\/05\/les-malles-du-retour-voix-de-femmes-saraouies-en-librairie-le-23-septembre-22\/\" class=\"_self\" target=\"_self\" >Les malles du retour &#8211; voix de femmes saraouies &#8211; en librairie<\/a><\/h4>\n<div class=\"pt-cv-content\">Postface de la docteure Samah Jabr Ce livre est le produit d'atelier d'\u00e9critures anim\u00e9s par ...<br \/><div class=\"pt-cv-rmwrap\"><a href=\"https:\/\/terrasses.net\/index.php\/2022\/08\/05\/les-malles-du-retour-voix-de-femmes-saraouies-en-librairie-le-23-septembre-22\/\" class=\"_self pt-cv-readmore btn btn-success\" target=\"_self\">Lire<\/a><\/div><\/div><\/div><\/div>\n<div class=\"col-md-4 col-sm-6 col-xs-12 pt-cv-content-item pt-cv-1-col\" ><div class='pt-cv-ifield'><a href=\"https:\/\/terrasses.net\/index.php\/2022\/02\/17\/une-dette-algerienne-de-l-bertrand\/\" class=\"_self pt-cv-href-thumbnail pt-cv-thumb-default\" target=\"_self\" ><img loading=\"lazy\" decoding=\"async\" width=\"150\" height=\"150\" src=\"https:\/\/terrasses.net\/wp-content\/uploads\/2022\/02\/Pub-Hobo-L.-BERTRANDorange-150x150.jpeg\" class=\"pt-cv-thumbnail\" alt=\"\" \/><\/a>\n<h4 class=\"pt-cv-title\"><a href=\"https:\/\/terrasses.net\/index.php\/2022\/02\/17\/une-dette-algerienne-de-l-bertrand\/\" class=\"_self\" target=\"_self\" >Une dette alg\u00e9rienne de L. Bertrand &#8212; en librairie<\/a><\/h4>\n<div class=\"pt-cv-content\">pr\u00e9fac\u00e9 par Camille Louis Ces po\u00e8mes sont la m\u00e9moire de plus de 10 ans d\u2019amiti\u00e9 ...<br \/><div class=\"pt-cv-rmwrap\"><a href=\"https:\/\/terrasses.net\/index.php\/2022\/02\/17\/une-dette-algerienne-de-l-bertrand\/\" class=\"_self pt-cv-readmore btn btn-success\" target=\"_self\">Lire<\/a><\/div><\/div><\/div><\/div><\/div><\/div><\/div>\n","protected":false},"excerpt":{"rendered":"","protected":false},"author":1,"featured_media":0,"parent":0,"menu_order":0,"comment_status":"closed","ping_status":"closed","template":"nosidebar-page.php","meta":{"_mi_skip_tracking":false,"_monsterinsights_sitenote_active":false,"_monsterinsights_sitenote_note":"","_monsterinsights_sitenote_category":0,"footnotes":""},"class_list":["post-148","page","type-page","status-publish","hentry"],"_links":{"self":[{"href":"https:\/\/terrasses.net\/index.php\/wp-json\/wp\/v2\/pages\/148","targetHints":{"allow":["GET"]}}],"collection":[{"href":"https:\/\/terrasses.net\/index.php\/wp-json\/wp\/v2\/pages"}],"about":[{"href":"https:\/\/terrasses.net\/index.php\/wp-json\/wp\/v2\/types\/page"}],"author":[{"embeddable":true,"href":"https:\/\/terrasses.net\/index.php\/wp-json\/wp\/v2\/users\/1"}],"replies":[{"embeddable":true,"href":"https:\/\/terrasses.net\/index.php\/wp-json\/wp\/v2\/comments?post=148"}],"version-history":[{"count":6,"href":"https:\/\/terrasses.net\/index.php\/wp-json\/wp\/v2\/pages\/148\/revisions"}],"predecessor-version":[{"id":233,"href":"https:\/\/terrasses.net\/index.php\/wp-json\/wp\/v2\/pages\/148\/revisions\/233"}],"wp:attachment":[{"href":"https:\/\/terrasses.net\/index.php\/wp-json\/wp\/v2\/media?parent=148"}],"curies":[{"name":"wp","href":"https:\/\/api.w.org\/{rel}","templated":true}]}}